{"id":6698,"date":"2020-09-28T19:34:40","date_gmt":"2020-09-28T17:34:40","guid":{"rendered":"https:\/\/www.photocontestclub.org\/?page_id=6698"},"modified":"2020-09-28T19:34:40","modified_gmt":"2020-09-28T17:34:40","slug":"privacy-policy","status":"publish","type":"page","link":"https:\/\/www.photocontestclub.org\/en\/privacy-policy\/","title":{"rendered":"Privacy Policy"},"content":{"rendered":"\r\n\r\n<strong>Informativa D.Lgs. 196\/2003 per il trattamento di dati personali<\/strong>\r\n\r\nAi sensi del D.Lgs. 196\/2003 che prevede la tutela delle persone e di altri soggetti rispetto al trattamento dei dati personali, l&#8217;associazione Photo Contest Club\u00a0informa che tale trattamento sar\u00e0 improntato ai principi di correttezza, liceit\u00e0 e trasparenza e tutelando la Sua riservatezza e i Suoi diritti.\r\n\r\nLe forniamo quindi le seguenti informazioni.\r\n\r\n\u00b7 I dati verranno trattati per finalit\u00e0 istituzionali, connesse o strumentali al Servizio che Photo Contest Club\u00a0offre sul presente sito, e pi\u00f9 in particolare:\r\n\r\n1. per dare esecuzione al Servizio o ad una o pi\u00f9 operazioni contrattualmente convenute, per la proposta di estensione del Servizio alle ulteriori prestazioni eventualmente attivate dopo la registrazione;\r\n\r\n2. per adempiere ad obblighi di legge;\r\n\r\n3. per esigenze di tipo operativo e gestionale interne ad Hiho S.r.l. ed inerenti al Servizio.\r\n\r\n4. Oltre a quanto sopra, e comunque strumentalmente all&#8217;attivit\u00e0 principale svolta sul presente sito, Photo Contest Club\u00a0potr\u00e0 inviare all&#8217;utente inviti ad eventi di varia natura (informativi o promozionali). Il trattamento dei dati dell&#8217;utente per le finalit\u00e0 sopraindicate avr\u00e0 luogo prevalentemente con modalit\u00e0 automatizzate ed informatiche, sempre nel rispetto delle regole di riservatezza e di sicurezza previste dalla legge.\r\n\r\n5. per la comunicazione di informazioni commerciali relative a nuove offerte di prodotti e servizi di Photo Contest Club\u00a0e\/o di Societ\u00e0 con le quali Photo Contest Club\u00a0abbia stipulato accordi commerciali, per verificare il livello di soddisfazione della clientela su prodotti e servizi.\r\n\r\nIl trattamento dei dati sar\u00e0 effettuato mediante strumenti idonei a garantire la sicurezza nonch\u00e9 la riservatezza e potr\u00e0 avvenire anche con modalit\u00e0 automatizzate ed informatiche atte a memorizzare, gestire e trasmettere i dati stessi. I dati saranno conservati presso la sede di Photo Contest Club\u00a0per i tempi prescritti dalle norme di legge.\r\n\r\nI dati non saranno comunicati ad altri soggetti, se non chiedendo espressamente il consenso.\r\n\r\nIl conferimento dei dati da parte dell&#8217;Utente \u00e8 facoltativo, comunque l&#8217;eventuale rifiuto ad inserirli nella scheda di registrazione avr\u00e0 come conseguenza il non poter accedere ai servizi offerti dal sito compreso il mancato invio di depliant informativi e opportunit\u00e0 commerciali offerte dai nostri partners e dalle Societ\u00e0 con le quali Hiho S.r.l. abbia stipulato accordi commerciali, oltre alla mancata risposta ai quesiti postici.\r\n\r\nIl titolare del trattamento \u00e8 Photo Contest Club,\u00a0Via della Vetreria, 73 50063 Figline e Incisa Valdarno (Fi) nella persona del Rappresentante Legale .\r\n\r\nI dati saranno trattati da parte di dipendenti e\/o professionisti incaricati da Photo Contest Club, i quali svolgono le loro attivit\u00e0 sotto la diretta supervisione e responsabilit\u00e0 di Photo Contest Club\u00a0stesso.\r\n\r\nAl titolare del trattamento Lei potr\u00e0 rivolgersi per far valere i Suoi diritti cos\u00ec come previsti dall&#8217; articolo 13 della legge n. 196\/2003, che per Sua comodit\u00e0 Riproduciamo integralmente:\r\n\r\nDiritti dell&#8217;interessato\r\n\r\n1. In relazione al trattamento di dati personali l&#8217;interessato ha diritto:\r\n\r\na) di conoscere, mediante accesso gratuito al registro di cui all&#8217;articolo 31, comma 1, lettera a), l&#8217;esistenza di trattamenti di dati che possono riguardarlo;\r\n\r\nb) di essere informato su quanto indicato all&#8217;articolo 7, comma 4, lettere a), b ) e h );\r\n\r\nc) di ottenere, a cura del titolare o del responsabile, senza ritardo:\r\n\r\n1) la conferma dell&#8217;esistenza o meno di dati personali che lo riguardano, anche se non ancora registrati, e la comunicazione in forma intelligibile dei medesimi dati e della loro origine, nonch\u00e8 della logica e delle finalit\u00e0 su cui si basa il trattamento; la richiesta pu\u00f2 essere rinnovata, salva l&#8217;esistenza di giustificati motivi, con intervallo non minore di novanta giorni;\r\n\r\n2) la cancellazione, la trasformazione in forma anonima o il blocco dei dati trattati in violazione di legge, compresi quelli di cui non \u00e8 necessaria la conservazione in relazione agli scopi per i quali i dati sono stati raccolti o successivamente trattati;\r\n\r\n3) l&#8217;aggiornamento, la rettificazione ovvero, qualora vi abbia interesse, l&#8217;integrazione dei dati;\r\n\r\n4) l&#8217;attestazione che le operazioni di cui ai numeri 2) e 3) sono state portate a conoscenza, anche per quanto riguarda il loro contenuto, di coloro ai quali i dati sono stati comunicati o diffusi, eccettuato il caso in cui tale adempimento si riveli impossibile o comporti un impiego di mezzi manifestamente sproporzionato rispetto al diritto tutelato;\r\n\r\nd) di opporsi, in tutto o in parte, per motivi legittimi, al trattamento dei dati personali che lo riguardano, ancorch\u00e9 pertinenti allo scopo della raccolta;\r\n\r\ne) di opporsi, in tutto o in parte, al trattamento di dati personali che lo riguardano, previsto a fini di informazioni commerciali o di invio di materiale pubblicitario o di vendita diretta ovvero per il compimento di ricerche di mercato o di comunicazione commerciale interattiva e di essere informato dal titolare, non oltre il momento in cui i dati sono comunicati o diffusi, della possibilit\u00e0 di esercitare gratuitamente tale diritto.\r\n\r\n2. Per ciascuna richiesta di cui al comma 1, lettera c), numero 1), pu\u00f2 essere chiesto all&#8217;interessato, ove non risulti confermata l&#8217;esistenza di dati che lo riguardano, un contributo spese, non superiore ai costi effettivamente sopportati, secondo le modalit\u00e0 ed entro i limiti stabiliti dal regolamento di cui all&#8217;articolo 33, comma 3.\r\n\r\n3. I diritti di cui al comma 1 riferiti ai dati personali concernenti persone decedute possono essere esercitati da chiunque vi abbia interesse.\r\n\r\n4. Nell&#8217;esercizio dei diritti di cui al comma 1 l&#8217;interessato pu\u00f2 conferire, per iscritto, delega o procura a persone fisiche o ad associazioni.\r\n\r\n<hr \/>\r\n\r\n&nbsp;\r\n\r\n<strong>Utilizzo dei Cookies<\/strong>\r\n\r\nwww.photocontestclub.org,\u00a0in seguito il \u201cSito\u201d, usa i cookie e tecnologie simili per consentire il corretto funzionamento del sito e rendere migliore l\u2019esperienza utente. Questo documento provvede a dare informazioni sull\u2019uso dei cookie e di tecnologie simili sul sito, su come vengono utilizzate e su come gestirle.\r\n\r\nEsistono vari tipi di cookie, alcuni per per abilitare determinate funzionalit\u00e0 e altri per rendere pi\u00f9 funzionale l\u2019utilizzo del Sito.\r\n\r\nCosa sono i Cookie\r\nI cookie sono piccoli file di testo che i siti visitati inviano al terminale (computer, tablet, smartphone, notebook) dell\u2019utente, dove vengono memorizzati, per poi essere ritrasmessi agli stessi siti alla visita successiva. Sono usati per eseguire autenticazioni informatiche, monitoraggio di sessioni e memorizzazione di informazioni sui siti (senza l\u2019uso dei cookie \u201ctecnici\u201d alcune operazioni risulterebbero molto complesse o impossibili da eseguire). Ma attraverso i cookie si pu\u00f2 anche monitorare la navigazione, raccogliere dati su gusti, abitudini, scelte personali che consentono la ricostruzione di dettagliati profili dei consumatori.\r\nFonte Garante Privacy\r\n\r\nTipologie di Cookie\r\nIn base alle caratteristiche e all\u2019utilizzo dei cookie noi suddividiamo i cookies nelle categorie elencate qui di seguito.\r\n\r\nCookie Tecnici (Tipo 1). Sono cookie indispensabili per l\u2019idoneo funzionamento del sito. Possono essere di due categorie; persistenti (una volta che il browser viene chiuso non vengono distrutti ma rimangono fino ad una data di scadenza preimpostata) e di sessione (vengono distrutti ogni volta che il browser viene chiuso).\r\nCookie di Analisi e Prestazioni (Tipo 2). Questo tipo di cookie \u00e8 utilizzato allo scopo di raccogliere informazioni sull\u2019uso del Sito da parte degli utenti in forma anonima come per esempio: pagine visitate, tempo di permanenza medio sul sito, origini del traffico di provenienza, et\u00e0, genere, sesso e interessi ai fini di campagne di marketing. Questi cookie sono inviati da domini di terze parti esterni al sito. Il sito non risponde di questi siti di terze parti\r\nLa disabilitazione di questi cookie non comporta la perdita di alcuna funzionalit\u00e0.\r\nCookie di Terze Parti non Commerciali (Tipo 3). Un esempio \u00e8 rappresentato dalla presenza dei \u201csocial plugin\u201d dei pi\u00f9 comuni social network, quali per esempio Facebook, Google+, Twitter, YouTube, LinkedIn. La presenza di questi \u201csocial\u201d plugin implica la trasmissione di cookie verso tutti i siti gestiti da terze parti. La gestione delle informazioni raccolte da \u201cterze parti\u201d \u00e8 disciplinata dalle informative di ogni sito di terze parti. Il sito non risponde di questi siti di terze parti.\r\nLa disabilitazione di questi cookie non comporta la perdita di alcuna funzionalit\u00e0.\r\nCookie di Terze Parti di Profilazione e Commerciali (Tipo 4). Utilizziamo i cookie commerciali per mostrarti le pubblicit\u00e0 del sito su altri siti web e\/o altre piattaforme social. I cookie sono forniti da siti di terze parti come per esempio \u201cGoogle Adwords \/ Adsense, Facebook ADS, Twitter ADS ecc. Questa attivit\u00e0 \u00e8 chiamata \u201cremarketing o retargeting\u201d e varia in base alle tue azioni sul nostro sito web, come gli argomenti che hai cercato, le pagine che hai visualizzato e le azioni che hai intrapreso.\r\nCookie utilizzati dal sito.\r\nIl sito oltre ai cookie tecnici (Tipo 1), utilizza questo tipo di cookie di (Tipo 2,3,4) forniti da siti di terze parti. Riportiamo i principali.\r\n\r\nCOOKIE DI TIPO 2\r\n<strong>Google Analytics<\/strong>\r\n<a href=\"https:\/\/www.google.com\/analytics\/learn\/privacy.html?hl=it\" target=\"_blank\" rel=\"noopener noreferrer\">Informativa Privacy<\/a>\r\n<a href=\"https:\/\/tools.google.com\/dlpage\/gaoptout\" target=\"_blank\" rel=\"noopener noreferrer\">Rimozione Cookie<\/a>\r\n\r\n<strong>Google+ (Cookie di Tipo 3)<\/strong>\r\n<a href=\"http:\/\/www.google.it\/intl\/it\/policies\/technologies\/cookies\/\" target=\"_blank\" rel=\"noopener noreferrer\">Informativa<\/a>\r\n<a href=\"http:\/\/www.google.it\/intl\/it\/policies\/technologies\/managing\/\" target=\"_blank\" rel=\"noopener noreferrer\">Configurazione<\/a>\r\n\r\n<strong>Google Adwords \/ AdSense (Cookie di Tipo 4)<\/strong>\r\n<a href=\"http:\/\/www.google.com\/intl\/it\/policies\/technologies\/ads\/\" target=\"_blank\" rel=\"noopener noreferrer\">Pubblicit\u00e0: Privacy e Termini<\/a>\r\n<a href=\"https:\/\/www.google.com\/settings\/u\/0\/ads?hl=it&amp;sig=ACi0TCiqEfw02OFEUmNEwcav1VuXnnWphqr6B4r9Ph8rM0qtHxy9HuRLNF_56oiKy6k_IASIi8GqXGqpV7Gv0E50HcYTDlPCg_a-vQ4bt0__HoL0vXQHPHzzZnOKrA6BoxUxs5l5ktiTJ2F3e2_M0ocQT9yQbIKSvlftDS4X6yq5ZfDwxGTK8PxHQoEfSsVlEnIptE-XWBg3\" target=\"_blank\" rel=\"noopener noreferrer\">Rimozione Cookie<\/a>\r\n\r\n<strong>Facebook (Cookie di Tipo 3 e 4)<\/strong>\r\n<a href=\"https:\/\/www.facebook.com\/help\/cookies\/\" target=\"_blank\" rel=\"noopener noreferrer\">Informativa Privacy<\/a>\r\nConfigurazione: accedere al proprio account. Sezione privacy.\r\n\r\n<strong>Twitter (Cookie di Tipo 3 e 4)<\/strong>\r\n<a href=\"https:\/\/support.twitter.com\/articles\/20170514\" target=\"_blank\" rel=\"noopener noreferrer\">Informativa Privacy<\/a>\r\nConfigurazione: accedere al proprio account. Sezione privacy.\r\n\r\n<strong>Linkedin (Cookie di Tipo 3 e 4)<\/strong>\r\n<a href=\"https:\/\/www.linkedin.com\/legal\/cookie-policy\" target=\"_blank\" rel=\"noopener noreferrer\">Informativa Privacy<\/a>\r\nConfigurazione: accedere al proprio account. Sezione privacy.\r\n\r\nDisabilitare i cookie mediante configurazione del Browser.\r\nSotto si riporta un elenco degli attuali principali Brower e le modalit\u00e0 di configurazione.\r\n\r\n<strong>Chrome<\/strong>\r\n<a href=\"https:\/\/support.google.com\/accounts\/answer\/61416?hl=it\" target=\"_blank\" rel=\"noopener noreferrer\">Informazioni<\/a>\r\n\r\n<strong>Mozilla Firefox<\/strong>\r\n<a href=\"https:\/\/support.mozilla.org\/it\/kb\/Attivare%20e%20disattivare%20i%20cookie\" target=\"_blank\" rel=\"noopener noreferrer\">Informazioni<\/a>\r\n\r\n<strong>Internet Explorer<\/strong>\r\n<a href=\"http:\/\/windows.microsoft.com\/it-it\/windows-vista\/block-or-allow-cookies\" target=\"_blank\" rel=\"noopener noreferrer\">Informazioni<\/a>\r\n\r\n<strong>Safari<\/strong>\r\n<a href=\"https:\/\/support.apple.com\/kb\/PH17168?locale=en_US\" target=\"_blank\" rel=\"noopener noreferrer\">Informazioni<\/a>\r\n\r\nOpera\r\n<a href=\"http:\/\/www.opera.com\/it\/privacy\" target=\"_blank\" rel=\"noopener noreferrer\">Informazioni<\/a>\r\n\r\nDisclaimer\r\nAggiornamento pagina 19\/05\/2015\r\n\r\nPer visualizzare elenco aggiornato in tempo reale dei Cookie utilizzati, accedere allo \u201cStrumento di Sviluppo\u201d del proprio brower (di norma tasto \u201cF12\u2033) e accedere alla sezione \u201ccookie\u201d.\r\nIl sito non \u00e8 responsabile per variazione dei links informativi e delle norme da parte dei siti \/ servizi di terze parti.\r\nPer tutto quanto non espressamente indicato si rimanda al sito del\u00a0<a href=\"http:\/\/www.garanteprivacy.it\/\" target=\"_blank\" rel=\"noopener noreferrer\">Garante Privacy<\/a>\r\nQuesta pagina \u00e8 visibile, mediante link in calce in tutte le pagine del Sito ai sensi dell\u2019art. 122 secondo comma del D.lgs. 196\/2003 e a seguito delle modalit\u00e0 semplificate per l\u2019informativa e l\u2019acquisizione del consenso per l\u2019uso dei cookie pubblicata sulla Gazzetta Ufficiale n.126 del 3 giugno 2014 e relativo registro dei provvedimenti n.229 dell\u20198 maggio 2014.\r\n\r\n","protected":false},"excerpt":{"rendered":"<p>Informativa D.Lgs. 196\/2003 per il trattamento di dati personali Ai sensi del D.Lgs. 196\/2003 che prevede la tutela delle persone e di altri soggetti rispetto al trattamento dei dati personali, l&#8217;associazione Photo Contest Club\u00a0informa che tale trattamento sar\u00e0 improntato ai principi di correttezza, liceit\u00e0 e trasparenza e tutelando la Sua riservatezza e i Suoi diritti. &hellip; <\/p>\n<p class=\"link-more\"><a href=\"https:\/\/www.photocontestclub.org\/en\/privacy-policy\/\" class=\"more-link\">Read More <span class=\"screen-reader-text\"> &#8220;Privacy Policy&#8221;<\/span><\/a><\/p>\n","protected":false},"author":1,"featured_media":0,"parent":0,"menu_order":5,"comment_status":"closed","ping_status":"closed","template":"","meta":{"inline_featured_image":false},"yoast_head":"<!-- This site is optimized with the Yoast SEO plugin v15.4 - https:\/\/yoast.com\/wordpress\/plugins\/seo\/ -->\n<title>Privacy Policy - Photo Contest Club<\/title>\n<meta name=\"robots\" content=\"index, follow, max-snippet:-1, max-image-preview:large, max-video-preview:-1\" \/>\n<link rel=\"canonical\" href=\"https:\/\/www.photocontestclub.org\/en\/privacy-policy\/\" \/>\n<meta property=\"og:locale\" content=\"en_US\" \/>\n<meta property=\"og:type\" content=\"article\" \/>\n<meta property=\"og:title\" content=\"Privacy Policy - Photo Contest Club\" \/>\n<meta property=\"og:description\" content=\"Informativa D.Lgs. 196\/2003 per il trattamento di dati personali Ai sensi del D.Lgs. 196\/2003 che prevede la tutela delle persone e di altri soggetti rispetto al trattamento dei dati personali, l&#8217;associazione Photo Contest Club\u00a0informa che tale trattamento sar\u00e0 improntato ai principi di correttezza, liceit\u00e0 e trasparenza e tutelando la Sua riservatezza e i Suoi diritti. &hellip; Read More &quot;Privacy Policy&quot;\" \/>\n<meta property=\"og:url\" content=\"https:\/\/www.photocontestclub.org\/en\/privacy-policy\/\" \/>\n<meta property=\"og:site_name\" content=\"Photo Contest Club\" \/>\n<meta name=\"twitter:card\" content=\"summary_large_image\" \/>\n<meta name=\"twitter:label1\" content=\"Written by\">\n\t<meta name=\"twitter:data1\" content=\"admin_photocontest\">\n\t<meta name=\"twitter:label2\" content=\"Est. reading time\">\n\t<meta name=\"twitter:data2\" content=\"6 minutes\">\n<script type=\"application\/ld+json\" class=\"yoast-schema-graph\">{\"@context\":\"https:\/\/schema.org\",\"@graph\":[{\"@type\":\"WebSite\",\"@id\":\"https:\/\/www.photocontestclub.org\/it\/#website\",\"url\":\"https:\/\/www.photocontestclub.org\/it\/\",\"name\":\"Photo Contest Club\",\"description\":\"Associazione\",\"potentialAction\":[{\"@type\":\"SearchAction\",\"target\":\"https:\/\/www.photocontestclub.org\/it\/?s={search_term_string}\",\"query-input\":\"required name=search_term_string\"}],\"inLanguage\":\"en-US\"},{\"@type\":\"WebPage\",\"@id\":\"https:\/\/www.photocontestclub.org\/en\/privacy-policy\/#webpage\",\"url\":\"https:\/\/www.photocontestclub.org\/en\/privacy-policy\/\",\"name\":\"Privacy Policy - Photo Contest Club\",\"isPartOf\":{\"@id\":\"https:\/\/www.photocontestclub.org\/it\/#website\"},\"datePublished\":\"2020-09-28T17:34:40+00:00\",\"dateModified\":\"2020-09-28T17:34:40+00:00\",\"inLanguage\":\"en-US\",\"potentialAction\":[{\"@type\":\"ReadAction\",\"target\":[\"https:\/\/www.photocontestclub.org\/en\/privacy-policy\/\"]}]}]}<\/script>\n<!-- \/ Yoast SEO plugin. -->","_links":{"self":[{"href":"https:\/\/www.photocontestclub.org\/en\/wp-json\/wp\/v2\/pages\/6698"}],"collection":[{"href":"https:\/\/www.photocontestclub.org\/en\/wp-json\/wp\/v2\/pages"}],"about":[{"href":"https:\/\/www.photocontestclub.org\/en\/wp-json\/wp\/v2\/types\/page"}],"author":[{"embeddable":true,"href":"https:\/\/www.photocontestclub.org\/en\/wp-json\/wp\/v2\/users\/1"}],"replies":[{"embeddable":true,"href":"https:\/\/www.photocontestclub.org\/en\/wp-json\/wp\/v2\/comments?post=6698"}],"version-history":[{"count":1,"href":"https:\/\/www.photocontestclub.org\/en\/wp-json\/wp\/v2\/pages\/6698\/revisions"}],"predecessor-version":[{"id":6699,"href":"https:\/\/www.photocontestclub.org\/en\/wp-json\/wp\/v2\/pages\/6698\/revisions\/6699"}],"wp:attachment":[{"href":"https:\/\/www.photocontestclub.org\/en\/wp-json\/wp\/v2\/media?parent=6698"}],"curies":[{"name":"wp","href":"https:\/\/api.w.org\/{rel}","templated":true}]}}