{"id":12465,"date":"2020-12-21T21:02:11","date_gmt":"2020-12-21T20:02:11","guid":{"rendered":"https:\/\/www.photocontestclub.org\/?page_id=12465"},"modified":"2024-12-10T18:11:25","modified_gmt":"2024-12-10T17:11:25","slug":"premi-chianti-roads","status":"publish","type":"page","link":"https:\/\/www.photocontestclub.org\/it\/chianti-roads\/premi-chianti-roads\/","title":{"rendered":"Premi Chianti Roads"},"content":{"rendered":"\t\t<div data-elementor-type=\"wp-page\" data-elementor-id=\"12465\" class=\"elementor elementor-12465\">\n\t\t\t\t\t\t<div class=\"elementor-inner\">\n\t\t\t\t<div class=\"elementor-section-wrap\">\n\t\t\t\t\t\t\t\t\t<section class=\"elementor-section elementor-top-section elementor-element elementor-element-407980c elementor-section-boxed elementor-section-height-default elementor-section-height-default\" data-id=\"407980c\" data-element_type=\"section\">\n\t\t\t\t\t\t<div class=\"elementor-container elementor-column-gap-default\">\n\t\t\t\t\t\t\t<div class=\"elementor-row\">\n\t\t\t\t\t<div class=\"elementor-column elementor-col-100 elementor-top-column elementor-element elementor-element-e1b2218\" data-id=\"e1b2218\" data-element_type=\"column\">\n\t\t\t<div class=\"elementor-column-wrap elementor-element-populated\">\n\t\t\t\t\t\t\t<div class=\"elementor-widget-wrap\">\n\t\t\t\t\t\t<div class=\"elementor-element elementor-element-b555ac2 elementor-align-center elementor-widget elementor-widget-heading\" data-id=\"b555ac2\" data-element_type=\"widget\" data-widget_type=\"heading.default\">\n\t\t\t\t<div class=\"elementor-widget-container\">\n\t\t\t<h2 class=\"elementor-heading-title elementor-size-default\">Premi Chianti Roads<\/h2>\t\t<\/div>\n\t\t\t\t<\/div>\n\t\t\t\t\t\t<\/div>\n\t\t\t\t\t<\/div>\n\t\t<\/div>\n\t\t\t\t\t\t\t\t<\/div>\n\t\t\t\t\t<\/div>\n\t\t<\/section>\n\t\t\t\t<section class=\"elementor-section elementor-top-section elementor-element elementor-element-27383aa elementor-section-boxed elementor-section-height-default elementor-section-height-default\" data-id=\"27383aa\" data-element_type=\"section\">\n\t\t\t\t\t\t<div class=\"elementor-container elementor-column-gap-default\">\n\t\t\t\t\t\t\t<div class=\"elementor-row\">\n\t\t\t\t\t<div class=\"elementor-column elementor-col-100 elementor-top-column elementor-element elementor-element-9ea9aa7\" data-id=\"9ea9aa7\" data-element_type=\"column\">\n\t\t\t<div class=\"elementor-column-wrap elementor-element-populated\">\n\t\t\t\t\t\t\t<div class=\"elementor-widget-wrap\">\n\t\t\t\t\t\t<div class=\"elementor-element elementor-element-b22eb81 elementor-widget elementor-widget-opal-timelinecarousel\" data-id=\"b22eb81\" data-element_type=\"widget\" data-widget_type=\"opal-timelinecarousel.default\">\n\t\t\t\t<div class=\"elementor-widget-container\">\n\t\t\t\n        <div class=\"elementor-timeline-carousel timeline-style2\">\n            <div class=\"timeline-carousel\" data-elementor-columns=\"1\">\n                \n                    <div class=\"timeline-carosuel-item column-item\">\n                        \n                        <div class=\"timeline-content\">\n\n                                                            <span class=\"timeline-year-number\"><\/span>\n                            \n                                                            <h4 class=\"timeline-title\">PREMI PER IL CIRCUITO:<\/h4>\n                            \n                                                            <h5 class=\"timeline-year-title\"><\/h5>\n                            \n                                                            <div class=\"content\">\n                                    <ul><li>Migliore Autore in Assoluto del Circuito (Trofeo e Rimborso Spese di 400,00 US$ con Buono Amazon)<\/li><\/ul>                                <\/div>\n                            \n                        <\/div>\n                    <\/div>\n                \n                    <div class=\"timeline-carosuel-item column-item\">\n                        \n                        <div class=\"timeline-content\">\n\n                                                            <span class=\"timeline-year-number\"><\/span>\n                            \n                                                            <h4 class=\"timeline-title\">PREMI PER OGNI CONCORSO DEL CIRCUITO:<\/h4>\n                            \n                                                            <h5 class=\"timeline-year-title\"><\/h5>\n                            \n                                                            <div class=\"content\">\n                                    <ul><li>Miglior Autore del Concorso: PIN FIAP BLU e rimborso di US$ 200,00 in Buoni Acquisto Amazon<\/li><li>Miglior Foto del Concorso: Trofeo Chianti Roads e Rimborso di US $ 200,00 in Buoni Acquisto Amazon<\/li><li>Miglior foto del Tema Libero Colore: Medaglia d&#8217;Oro FIAP<\/li><li>Miglior Foto del Tema Libero Monocromatico: Medaglia d&#8217;Oro FIAP<\/li><li>Miglior Foto del Tema Ambiente: Medaglia d&#8217;Oro FIAP<\/li><li>Miglior Foto del tema Paesaggio: Medaglia d&#8217;oro FIAP<\/li><\/ul>                                <\/div>\n                            \n                        <\/div>\n                    <\/div>\n                \n                    <div class=\"timeline-carosuel-item column-item\">\n                        \n                        <div class=\"timeline-content\">\n\n                                                            <span class=\"timeline-year-number\"><\/span>\n                            \n                                                            <h4 class=\"timeline-title\">PREMI PER OGNI TEMA (di ogni concorso)<\/h4>\n                            \n                                                            <h5 class=\"timeline-year-title\"><\/h5>\n                            \n                                                            <div class=\"content\">\n                                    <ul><li><strong>Premi per il Tema Libero Colore:<\/strong><ul><li>1 Medaglia d\u2019Oro GPU<\/li><li>1 Medaglia d\u2019Argento GPU<\/li><li>1 Medaglia di Bronzo GPU<\/li><li>3 Premi Speciali Giuria (Diploma FIAF)<\/li><li>12 Menzioni d\u2019Onore (HM Ribbon)<\/li><li>6 Menzioni Speciali (Diploma ISF)<\/li><\/ul><\/li><li><strong>Premi per il Tema Libero Bianconero:<\/strong><ul><li>1 Medaglia d&#8217;Oro CRC<\/li><li>1 Medaglia d\u2019Argento CRC<\/li><li>1 Medaglia di Bronzo CRC<\/li><li>3 Premi Speciali Giuria (Diploma FIAF)<\/li><li>12 Menzioni d\u2019Onore (HM Ribbon)<\/li><li>6 Menzioni Speciali (Diploma ISF)<\/li><\/ul><\/li><li><strong>Premi per il Tema Ambiente (colore):<\/strong><ul><li>1 Medaglie d\u2019Oro CRC<\/li><li>1 Medaglia d\u2019Argento CRC<\/li><li>1 Medaglia di Bronzo CRC<\/li><li>3 Premi Speciali Giuria (Diploma FIAF)<\/li><li>12 Menzioni d\u2019Onore (HM Ribbon)<\/li><li>6 Menzioni Speciali (Diploma ISF)<\/li><\/ul><\/li><li><strong>Premi per il Tema Paesaggio (colore):<\/strong><br \/><ul><li>1 Medaglia d&#8217;Oro CRC\u00a0<\/li><li>1 Medaglia d\u2019Argento CRC\u00a0<\/li><li>1 Medaglia di Bronzo UICRC\u00a0<\/li><li>3 Premi Speciali Giuria (Diploma FIAF)<\/li><li>12 Menzioni d\u2019Onore (HM Ribbon)<\/li><li>6 Menzioni Speciali (Diploma ISF)<\/li><\/ul><\/li><\/ul>                                <\/div>\n                            \n                        <\/div>\n                    <\/div>\n                \n                    <div class=\"timeline-carosuel-item column-item\">\n                        \n                        <div class=\"timeline-content\">\n\n                                                            <span class=\"timeline-year-number\"><\/span>\n                            \n                                                            <h4 class=\"timeline-title\">GOLDEN GRAN PRIX<\/h4>\n                            \n                                                            <h5 class=\"timeline-year-title\"><\/h5>\n                            \n                                                            <div class=\"content\">\n                                    <p>Fanno parte del Golden Gran Prix i circuiti fotografici:\u2028<\/p><ol><li>Chianti Roads Circuit 2025, Scadenza 20 Febbraio 2025\u2028<\/li><li>Jewels Photo Circuit 2025, Scadenza Maggio 2025\u2028<\/li><li>Tuscany Photo Award 2025, Scadenza Luglio 2025\u2028<\/li><li>Natural World Circuit 2025, Scadenza Ottobre 20254<\/li><\/ol><ul><li>Il premio Golden Gran Prix sar\u00e0 assegnato all\u2019autore che nei 4 Circuiti avr\u00e0 raggiunto il pi\u00f9 alto numero di accettazioni; in caso di parit\u00e0 saranno il numero e la qualit\u00e0 dei premi vinti a fare la differenza; in caso di ulteriore parit\u00e0 sar\u00e0 la somma totale dei punteggi ricevuti dalle foto di ogni singolo autore.<\/li><li>Il premio Golden Gran Prix consiste in un Trofeo e in un Buono Amazon di 400 US$.\u2028<\/li><\/ul>                                <\/div>\n                            \n                        <\/div>\n                    <\/div>\n                            <\/div>\n        <\/div>\n\n        \t\t<\/div>\n\t\t\t\t<\/div>\n\t\t\t\t<div class=\"elementor-element elementor-element-78dd50a elementor-widget elementor-widget-opal-timelinecarousel\" data-id=\"78dd50a\" data-element_type=\"widget\" data-widget_type=\"opal-timelinecarousel.default\">\n\t\t\t\t<div class=\"elementor-widget-container\">\n\t\t\t\n        <div class=\"elementor-timeline-carousel timeline-style2\">\n            <div class=\"timeline-carousel\" data-elementor-columns=\"1\">\n                \n                    <div class=\"timeline-carosuel-item column-item\">\n                        \n                        <div class=\"timeline-content\">\n\n                                                            <span class=\"timeline-year-number\"><\/span>\n                            \n                            \n                                                            <h5 class=\"timeline-year-title\"><\/h5>\n                            \n                                                            <div class=\"content\">\n                                    <p><em>I premi non sono cumulabili nella stessa sezione di ogni concorso ma possono essere combinati in sezioni diverse anche nello stesso concorso. L&#8217;unica eccezione \u00e8 il Miglior Autore che pu\u00f2 ricevere premi anche per le singole foto.<\/em><br \/><em>L&#8217;assegnazione del premio sar\u00e0 limitata al 10% delle adesioni per ciascuna sezione.<\/em><br \/><em>I premi non ritirati saranno inviati a spese degli organizzatori ma a rischio dei destinatari.<\/em> <\/p>                                <\/div>\n                            \n                        <\/div>\n                    <\/div>\n                            <\/div>\n        <\/div>\n\n        \t\t<\/div>\n\t\t\t\t<\/div>\n\t\t\t\t\t\t<\/div>\n\t\t\t\t\t<\/div>\n\t\t<\/div>\n\t\t\t\t\t\t\t\t<\/div>\n\t\t\t\t\t<\/div>\n\t\t<\/section>\n\t\t\t\t<section class=\"elementor-section elementor-top-section elementor-element elementor-element-2df5947 elementor-section-boxed elementor-section-height-default elementor-section-height-default\" data-id=\"2df5947\" data-element_type=\"section\">\n\t\t\t\t\t\t<div class=\"elementor-container elementor-column-gap-default\">\n\t\t\t\t\t\t\t<div class=\"elementor-row\">\n\t\t\t\t\t<div class=\"elementor-column elementor-col-100 elementor-top-column elementor-element elementor-element-95f1560\" data-id=\"95f1560\" data-element_type=\"column\">\n\t\t\t<div class=\"elementor-column-wrap\">\n\t\t\t\t\t\t\t<div class=\"elementor-widget-wrap\">\n\t\t\t\t\t\t\t\t<\/div>\n\t\t\t\t\t<\/div>\n\t\t<\/div>\n\t\t\t\t\t\t\t\t<\/div>\n\t\t\t\t\t<\/div>\n\t\t<\/section>\n\t\t\t\t\t\t\t\t\t<\/div>\n\t\t\t<\/div>\n\t\t\t\t\t<\/div>\n\t\t","protected":false},"excerpt":{"rendered":"<p>Premi Chianti Roads PREMI PER IL CIRCUITO: Migliore Autore in Assoluto del Circuito (Trofeo e Rimborso Spese di 400,00 US$ con Buono Amazon) PREMI PER OGNI CONCORSO DEL CIRCUITO: Miglior Autore del Concorso: PIN FIAP BLU e rimborso di US$ 200,00 in Buoni Acquisto Amazon Miglior Foto del Concorso: Trofeo Chianti Roads e Rimborso di &hellip; <\/p>\n<p class=\"link-more\"><a href=\"https:\/\/www.photocontestclub.org\/it\/chianti-roads\/premi-chianti-roads\/\" class=\"more-link\">Read More <span class=\"screen-reader-text\"> &#8220;Premi Chianti Roads&#8221;<\/span><\/a><\/p>\n","protected":false},"author":1,"featured_media":0,"parent":12441,"menu_order":0,"comment_status":"closed","ping_status":"closed","template":"","meta":{"inline_featured_image":false},"yoast_head":"<!-- This site is optimized with the Yoast SEO plugin v15.4 - https:\/\/yoast.com\/wordpress\/plugins\/seo\/ -->\n<title>Premi Chianti Roads - Photo Contest Club<\/title>\n<meta name=\"robots\" content=\"index, follow, max-snippet:-1, max-image-preview:large, max-video-preview:-1\" \/>\n<link rel=\"canonical\" href=\"https:\/\/www.photocontestclub.org\/it\/chianti-roads\/premi-chianti-roads\/\" \/>\n<meta property=\"og:locale\" content=\"it_IT\" \/>\n<meta property=\"og:type\" content=\"article\" \/>\n<meta property=\"og:title\" content=\"Premi Chianti Roads - Photo Contest Club\" \/>\n<meta property=\"og:description\" content=\"Premi Chianti Roads PREMI PER IL CIRCUITO: Migliore Autore in Assoluto del Circuito (Trofeo e Rimborso Spese di 400,00 US$ con Buono Amazon) PREMI PER OGNI CONCORSO DEL CIRCUITO: Miglior Autore del Concorso: PIN FIAP BLU e rimborso di US$ 200,00 in Buoni Acquisto Amazon Miglior Foto del Concorso: Trofeo Chianti Roads e Rimborso di &hellip; Read More &quot;Premi Chianti Roads&quot;\" \/>\n<meta property=\"og:url\" content=\"https:\/\/www.photocontestclub.org\/it\/chianti-roads\/premi-chianti-roads\/\" \/>\n<meta property=\"og:site_name\" content=\"Photo Contest Club\" \/>\n<meta property=\"article:modified_time\" content=\"2024-12-10T17:11:25+00:00\" \/>\n<meta name=\"twitter:card\" content=\"summary_large_image\" \/>\n<meta name=\"twitter:label1\" content=\"Scritto da\">\n\t<meta name=\"twitter:data1\" content=\"admin_photocontest\">\n\t<meta name=\"twitter:label2\" content=\"Tempo di lettura stimato\">\n\t<meta name=\"twitter:data2\" content=\"2 minuti\">\n<script type=\"application\/ld+json\" class=\"yoast-schema-graph\">{\"@context\":\"https:\/\/schema.org\",\"@graph\":[{\"@type\":\"WebSite\",\"@id\":\"https:\/\/www.photocontestclub.org\/it\/#website\",\"url\":\"https:\/\/www.photocontestclub.org\/it\/\",\"name\":\"Photo Contest Club\",\"description\":\"Associazione\",\"potentialAction\":[{\"@type\":\"SearchAction\",\"target\":\"https:\/\/www.photocontestclub.org\/it\/?s={search_term_string}\",\"query-input\":\"required name=search_term_string\"}],\"inLanguage\":\"it-IT\"},{\"@type\":\"WebPage\",\"@id\":\"https:\/\/www.photocontestclub.org\/it\/chianti-roads\/premi-chianti-roads\/#webpage\",\"url\":\"https:\/\/www.photocontestclub.org\/it\/chianti-roads\/premi-chianti-roads\/\",\"name\":\"Premi Chianti Roads - Photo Contest Club\",\"isPartOf\":{\"@id\":\"https:\/\/www.photocontestclub.org\/it\/#website\"},\"datePublished\":\"2020-12-21T20:02:11+00:00\",\"dateModified\":\"2024-12-10T17:11:25+00:00\",\"inLanguage\":\"it-IT\",\"potentialAction\":[{\"@type\":\"ReadAction\",\"target\":[\"https:\/\/www.photocontestclub.org\/it\/chianti-roads\/premi-chianti-roads\/\"]}]}]}<\/script>\n<!-- \/ Yoast SEO plugin. -->","_links":{"self":[{"href":"https:\/\/www.photocontestclub.org\/it\/wp-json\/wp\/v2\/pages\/12465"}],"collection":[{"href":"https:\/\/www.photocontestclub.org\/it\/wp-json\/wp\/v2\/pages"}],"about":[{"href":"https:\/\/www.photocontestclub.org\/it\/wp-json\/wp\/v2\/types\/page"}],"author":[{"embeddable":true,"href":"https:\/\/www.photocontestclub.org\/it\/wp-json\/wp\/v2\/users\/1"}],"replies":[{"embeddable":true,"href":"https:\/\/www.photocontestclub.org\/it\/wp-json\/wp\/v2\/comments?post=12465"}],"version-history":[{"count":73,"href":"https:\/\/www.photocontestclub.org\/it\/wp-json\/wp\/v2\/pages\/12465\/revisions"}],"predecessor-version":[{"id":16160,"href":"https:\/\/www.photocontestclub.org\/it\/wp-json\/wp\/v2\/pages\/12465\/revisions\/16160"}],"up":[{"embeddable":true,"href":"https:\/\/www.photocontestclub.org\/it\/wp-json\/wp\/v2\/pages\/12441"}],"wp:attachment":[{"href":"https:\/\/www.photocontestclub.org\/it\/wp-json\/wp\/v2\/media?parent=12465"}],"curies":[{"name":"wp","href":"https:\/\/api.w.org\/{rel}","templated":true}]}}