{"id":14514,"date":"2023-01-20T11:41:59","date_gmt":"2023-01-20T10:41:59","guid":{"rendered":"https:\/\/www.photocontestclub.org\/?page_id=14514"},"modified":"2024-12-10T13:19:40","modified_gmt":"2024-12-10T12:19:40","slug":"golden-gran-print","status":"publish","type":"page","link":"https:\/\/www.photocontestclub.org\/it\/golden-gran-print\/","title":{"rendered":"GOLDEN GRAN PRINT"},"content":{"rendered":"\t\t<div data-elementor-type=\"wp-page\" data-elementor-id=\"14514\" class=\"elementor elementor-14514\">\n\t\t\t\t\t\t<div class=\"elementor-inner\">\n\t\t\t\t<div class=\"elementor-section-wrap\">\n\t\t\t\t\t\t\t\t\t<section class=\"elementor-section elementor-top-section elementor-element elementor-element-136a491 elementor-section-boxed elementor-section-height-default elementor-section-height-default\" data-id=\"136a491\" data-element_type=\"section\">\n\t\t\t\t\t\t<div class=\"elementor-container elementor-column-gap-default\">\n\t\t\t\t\t\t\t<div class=\"elementor-row\">\n\t\t\t\t\t<div class=\"elementor-column elementor-col-100 elementor-top-column elementor-element elementor-element-f3f7ec0\" data-id=\"f3f7ec0\" data-element_type=\"column\">\n\t\t\t<div class=\"elementor-column-wrap elementor-element-populated\">\n\t\t\t\t\t\t\t<div class=\"elementor-widget-wrap\">\n\t\t\t\t\t\t<div class=\"elementor-element elementor-element-0801c1c elementor-widget elementor-widget-image\" data-id=\"0801c1c\" data-element_type=\"widget\" data-widget_type=\"image.default\">\n\t\t\t\t<div class=\"elementor-widget-container\">\n\t\t\t\t\t\t\t\t<div class=\"elementor-image\">\n\t\t\t\t\t\t\t\t\t\t\t\t<img width=\"934\" height=\"157\" src=\"https:\/\/www.photocontestclub.org\/wp-content\/uploads\/2023\/01\/banner-golden-prix.png\" class=\"attachment-full size-full\" alt=\"\" loading=\"lazy\" srcset=\"https:\/\/www.photocontestclub.org\/wp-content\/uploads\/2023\/01\/banner-golden-prix.png 934w, https:\/\/www.photocontestclub.org\/wp-content\/uploads\/2023\/01\/banner-golden-prix-300x50.png 300w, https:\/\/www.photocontestclub.org\/wp-content\/uploads\/2023\/01\/banner-golden-prix-768x129.png 768w, https:\/\/www.photocontestclub.org\/wp-content\/uploads\/2023\/01\/banner-golden-prix-700x118.png 700w\" sizes=\"(max-width: 934px) 100vw, 934px\" \/>\t\t\t\t\t\t\t\t\t\t\t\t\t\t<\/div>\n\t\t\t\t\t\t<\/div>\n\t\t\t\t<\/div>\n\t\t\t\t\t\t<\/div>\n\t\t\t\t\t<\/div>\n\t\t<\/div>\n\t\t\t\t\t\t\t\t<\/div>\n\t\t\t\t\t<\/div>\n\t\t<\/section>\n\t\t\t\t<section class=\"elementor-section elementor-top-section elementor-element elementor-element-a8e4f25 elementor-section-boxed elementor-section-height-default elementor-section-height-default\" data-id=\"a8e4f25\" data-element_type=\"section\">\n\t\t\t\t\t\t<div class=\"elementor-container elementor-column-gap-default\">\n\t\t\t\t\t\t\t<div class=\"elementor-row\">\n\t\t\t\t\t<div class=\"elementor-column elementor-col-100 elementor-top-column elementor-element elementor-element-7d8155d\" data-id=\"7d8155d\" data-element_type=\"column\">\n\t\t\t<div class=\"elementor-column-wrap elementor-element-populated\">\n\t\t\t\t\t\t\t<div class=\"elementor-widget-wrap\">\n\t\t\t\t\t\t<div class=\"elementor-element elementor-element-e56a566 elementor-widget elementor-widget-text-editor\" data-id=\"e56a566\" data-element_type=\"widget\" data-widget_type=\"text-editor.default\">\n\t\t\t\t<div class=\"elementor-widget-container\">\n\t\t\t        <div class=\"elementor-text-editor elementor-clearfix\"><ul><li>Fanno parte del<strong>\u00a0Golden Gran Prix<\/strong>\u00a0i circuiti fotografici:<br \/>\u2013 Chianti Roads Circuit 2025, Scadenza 20 Febbraio 2025\u2028<br \/>\u2013 Jewels Photo Circuit 2025, Scadenza Maggio 2025\u2028<br \/>\u2013 Tuscany Photo Award 2025, Scadenza Luglio 2025\u2028<br \/>\u2013 Natural World Circuit 2025, Scadenza Ottobre 2025<\/li><li>Il\u00a0<strong>premio Golden Gran Prix<\/strong>\u00a0sar\u00e0 assegnato all\u2019autore che nei 4 Circuiti avr\u00e0 raggiunto il pi\u00f9 alto numero di accettazioni; in caso di parit\u00e0 saranno il numero e la qualit\u00e0 dei premi vinti a fare la differenza; in caso di ulteriore parit\u00e0 sar\u00e0 la somma totale dei punteggi ricevuti dalle foto di ogni singolo autore.\u00a0<\/li><li>Il\u00a0<strong>premio Golden Gran Prix<\/strong>\u00a0consiste in un\u00a0<em><strong>Trofeo e in un Buono Amazon di 400 US$.<\/strong><\/em><\/li><\/ul><\/div>\n        \t\t<\/div>\n\t\t\t\t<\/div>\n\t\t\t\t\t\t<\/div>\n\t\t\t\t\t<\/div>\n\t\t<\/div>\n\t\t\t\t\t\t\t\t<\/div>\n\t\t\t\t\t<\/div>\n\t\t<\/section>\n\t\t\t\t\t\t\t\t\t<\/div>\n\t\t\t<\/div>\n\t\t\t\t\t<\/div>\n\t\t","protected":false},"excerpt":{"rendered":"<p>Fanno parte del\u00a0Golden Gran Prix\u00a0i circuiti fotografici:\u2013 Chianti Roads Circuit 2025, Scadenza 20 Febbraio 2025\u2028\u2013 Jewels Photo Circuit 2025, Scadenza Maggio 2025\u2028\u2013 Tuscany Photo Award 2025, Scadenza Luglio 2025\u2028\u2013 Natural World Circuit 2025, Scadenza Ottobre 2025 Il\u00a0premio Golden Gran Prix\u00a0sar\u00e0 assegnato all\u2019autore che nei 4 Circuiti avr\u00e0 raggiunto il pi\u00f9 alto numero di accettazioni; in &hellip; <\/p>\n<p class=\"link-more\"><a href=\"https:\/\/www.photocontestclub.org\/it\/golden-gran-print\/\" class=\"more-link\">Read More <span class=\"screen-reader-text\"> &#8220;GOLDEN GRAN PRINT&#8221;<\/span><\/a><\/p>\n","protected":false},"author":1,"featured_media":0,"parent":0,"menu_order":0,"comment_status":"closed","ping_status":"closed","template":"","meta":{"inline_featured_image":false},"yoast_head":"<!-- This site is optimized with the Yoast SEO plugin v15.4 - https:\/\/yoast.com\/wordpress\/plugins\/seo\/ -->\n<title>GOLDEN GRAN PRINT - Photo Contest Club<\/title>\n<meta name=\"robots\" content=\"index, follow, max-snippet:-1, max-image-preview:large, max-video-preview:-1\" \/>\n<link rel=\"canonical\" href=\"https:\/\/www.photocontestclub.org\/en\/golden-gran-print\/\" \/>\n<meta property=\"og:locale\" content=\"it_IT\" \/>\n<meta property=\"og:type\" content=\"article\" \/>\n<meta property=\"og:title\" content=\"GOLDEN GRAN PRINT - Photo Contest Club\" \/>\n<meta property=\"og:description\" content=\"Fanno parte del\u00a0Golden Gran Prix\u00a0i circuiti fotografici:\u2013 Chianti Roads Circuit 2025, Scadenza 20 Febbraio 2025\u2028\u2013 Jewels Photo Circuit 2025, Scadenza Maggio 2025\u2028\u2013 Tuscany Photo Award 2025, Scadenza Luglio 2025\u2028\u2013 Natural World Circuit 2025, Scadenza Ottobre 2025 Il\u00a0premio Golden Gran Prix\u00a0sar\u00e0 assegnato all\u2019autore che nei 4 Circuiti avr\u00e0 raggiunto il pi\u00f9 alto numero di accettazioni; in &hellip; Read More &quot;GOLDEN GRAN PRINT&quot;\" \/>\n<meta property=\"og:url\" content=\"https:\/\/www.photocontestclub.org\/en\/golden-gran-print\/\" \/>\n<meta property=\"og:site_name\" content=\"Photo Contest Club\" \/>\n<meta property=\"article:modified_time\" content=\"2024-12-10T12:19:40+00:00\" \/>\n<meta property=\"og:image\" content=\"https:\/\/www.photocontestclub.org\/wp-content\/uploads\/2023\/01\/banner-golden-prix.png\" \/>\n<meta name=\"twitter:card\" content=\"summary_large_image\" \/>\n<meta name=\"twitter:label1\" content=\"Scritto da\">\n\t<meta name=\"twitter:data1\" content=\"admin_photocontest\">\n\t<meta name=\"twitter:label2\" content=\"Tempo di lettura stimato\">\n\t<meta name=\"twitter:data2\" content=\"0 minuti\">\n<script type=\"application\/ld+json\" class=\"yoast-schema-graph\">{\"@context\":\"https:\/\/schema.org\",\"@graph\":[{\"@type\":\"WebSite\",\"@id\":\"https:\/\/www.photocontestclub.org\/it\/#website\",\"url\":\"https:\/\/www.photocontestclub.org\/it\/\",\"name\":\"Photo Contest Club\",\"description\":\"Associazione\",\"potentialAction\":[{\"@type\":\"SearchAction\",\"target\":\"https:\/\/www.photocontestclub.org\/it\/?s={search_term_string}\",\"query-input\":\"required name=search_term_string\"}],\"inLanguage\":\"it-IT\"},{\"@type\":\"ImageObject\",\"@id\":\"https:\/\/www.photocontestclub.org\/en\/golden-gran-print\/#primaryimage\",\"inLanguage\":\"it-IT\",\"url\":\"https:\/\/www.photocontestclub.org\/wp-content\/uploads\/2023\/01\/banner-golden-prix.png\",\"width\":934,\"height\":157},{\"@type\":\"WebPage\",\"@id\":\"https:\/\/www.photocontestclub.org\/en\/golden-gran-print\/#webpage\",\"url\":\"https:\/\/www.photocontestclub.org\/en\/golden-gran-print\/\",\"name\":\"GOLDEN GRAN PRINT - Photo Contest Club\",\"isPartOf\":{\"@id\":\"https:\/\/www.photocontestclub.org\/it\/#website\"},\"primaryImageOfPage\":{\"@id\":\"https:\/\/www.photocontestclub.org\/en\/golden-gran-print\/#primaryimage\"},\"datePublished\":\"2023-01-20T10:41:59+00:00\",\"dateModified\":\"2024-12-10T12:19:40+00:00\",\"inLanguage\":\"it-IT\",\"potentialAction\":[{\"@type\":\"ReadAction\",\"target\":[\"https:\/\/www.photocontestclub.org\/en\/golden-gran-print\/\"]}]}]}<\/script>\n<!-- \/ Yoast SEO plugin. -->","_links":{"self":[{"href":"https:\/\/www.photocontestclub.org\/it\/wp-json\/wp\/v2\/pages\/14514"}],"collection":[{"href":"https:\/\/www.photocontestclub.org\/it\/wp-json\/wp\/v2\/pages"}],"about":[{"href":"https:\/\/www.photocontestclub.org\/it\/wp-json\/wp\/v2\/types\/page"}],"author":[{"embeddable":true,"href":"https:\/\/www.photocontestclub.org\/it\/wp-json\/wp\/v2\/users\/1"}],"replies":[{"embeddable":true,"href":"https:\/\/www.photocontestclub.org\/it\/wp-json\/wp\/v2\/comments?post=14514"}],"version-history":[{"count":20,"href":"https:\/\/www.photocontestclub.org\/it\/wp-json\/wp\/v2\/pages\/14514\/revisions"}],"predecessor-version":[{"id":16126,"href":"https:\/\/www.photocontestclub.org\/it\/wp-json\/wp\/v2\/pages\/14514\/revisions\/16126"}],"wp:attachment":[{"href":"https:\/\/www.photocontestclub.org\/it\/wp-json\/wp\/v2\/media?parent=14514"}],"curies":[{"name":"wp","href":"https:\/\/api.w.org\/{rel}","templated":true}]}}