{"id":14978,"date":"2023-06-06T12:13:05","date_gmt":"2023-06-06T10:13:05","guid":{"rendered":"https:\/\/www.photocontestclub.org\/?page_id=14978"},"modified":"2023-07-25T10:06:46","modified_gmt":"2023-07-25T08:06:46","slug":"regolamento-aiic","status":"publish","type":"page","link":"https:\/\/www.photocontestclub.org\/it\/artificial-intelligence-image\/regolamento-aiic\/","title":{"rendered":"Regolamento AIIC"},"content":{"rendered":"\t\t<div data-elementor-type=\"wp-page\" data-elementor-id=\"14978\" class=\"elementor elementor-14978\">\n\t\t\t\t\t\t<div class=\"elementor-inner\">\n\t\t\t\t<div class=\"elementor-section-wrap\">\n\t\t\t\t\t\t\t\t\t<section class=\"elementor-section elementor-top-section elementor-element elementor-element-136a491 elementor-section-boxed elementor-section-height-default elementor-section-height-default\" data-id=\"136a491\" data-element_type=\"section\">\n\t\t\t\t\t\t<div class=\"elementor-container elementor-column-gap-default\">\n\t\t\t\t\t\t\t<div class=\"elementor-row\">\n\t\t\t\t\t<div class=\"elementor-column elementor-col-100 elementor-top-column elementor-element elementor-element-f3f7ec0\" data-id=\"f3f7ec0\" data-element_type=\"column\">\n\t\t\t<div class=\"elementor-column-wrap elementor-element-populated\">\n\t\t\t\t\t\t\t<div class=\"elementor-widget-wrap\">\n\t\t\t\t\t\t<div class=\"elementor-element elementor-element-0774bdc elementor-align-center elementor-widget elementor-widget-heading\" data-id=\"0774bdc\" data-element_type=\"widget\" data-widget_type=\"heading.default\">\n\t\t\t\t<div class=\"elementor-widget-container\">\n\t\t\t<h2 class=\"elementor-heading-title elementor-size-default\">Regolamento Artificial Iintelligence Image Contest<\/h2>\t\t<\/div>\n\t\t\t\t<\/div>\n\t\t\t\t\t\t<\/div>\n\t\t\t\t\t<\/div>\n\t\t<\/div>\n\t\t\t\t\t\t\t\t<\/div>\n\t\t\t\t\t<\/div>\n\t\t<\/section>\n\t\t\t\t<section class=\"elementor-section elementor-top-section elementor-element elementor-element-a8e4f25 elementor-section-boxed elementor-section-height-default elementor-section-height-default\" data-id=\"a8e4f25\" data-element_type=\"section\">\n\t\t\t\t\t\t<div class=\"elementor-container elementor-column-gap-default\">\n\t\t\t\t\t\t\t<div class=\"elementor-row\">\n\t\t\t\t\t<div class=\"elementor-column elementor-col-100 elementor-top-column elementor-element elementor-element-7d8155d\" data-id=\"7d8155d\" data-element_type=\"column\">\n\t\t\t<div class=\"elementor-column-wrap elementor-element-populated\">\n\t\t\t\t\t\t\t<div class=\"elementor-widget-wrap\">\n\t\t\t\t\t\t<div class=\"elementor-element elementor-element-e56a566 elementor-widget elementor-widget-text-editor\" data-id=\"e56a566\" data-element_type=\"widget\" data-widget_type=\"text-editor.default\">\n\t\t\t\t<div class=\"elementor-widget-container\">\n\t\t\t        <div class=\"elementor-text-editor elementor-clearfix\"><p><strong>Premessa<\/strong><\/p><p>Questo concorso per immagini illustrative non vuole essere una manifestazione fotografica ma un concorso dedicato esclusivamente ad immagini realizzate con programmi di gestione dell\u2019Intelligenza Artificiale, dove si possono creare illustrazioni che spesso \u00e8 difficile realizzare fotograficamente nella vita reale.<\/p><p><strong>Regolamento<\/strong><\/p><p>Il concorso \u00e8 riservato esclusivamente ad immagini create con l\u2019Intelligenza Artificiale (AI) oppure a fotografie realizzate con fotocamera digitale e poi elaborate con l\u2019Intelligenza Artificiale.<\/p><p>Al concorso vi si pu\u00f2 partecipare nelle seguenti tematiche:<\/p><ol><li>PERSONE<\/li><li>PAESAGGIO<\/li><li>STILL LIFE<\/li><li>ANIMALI<\/li><\/ol><p>In tutte le tematiche si possono inviare immagini a colori o in bianconero.<\/p><p><strong>Definizioni<\/strong><\/p><p><span style=\"text-decoration: underline;\">Persone<br \/><\/span>Tutte le immagini partecipanti a questa tematica devono avere per soggetto le persone siano esse in azioni che in ritratto.<\/p><p><span style=\"text-decoration: underline;\">Paesaggio<br \/><\/span>Tutte le immagini partecipanti a questa tematica devono avere per soggetto il paesaggio, sia esso campestre che cittadino, sia con persone che senza, fanno parte di questa tematica anche le immagini di architettura.<\/p><p><span style=\"text-decoration: underline;\">Still Life<br \/><\/span>Tutte le immagini partecipanti a questa tematica devono avere per soggetto le classiche immagini di still life, come natura morta o oggetti inanimati.<\/p><p><span style=\"text-decoration: underline;\">Animali<br \/><\/span>Tutte le immagini partecipanti a questa tematica devono avere per soggetto animali sia in azione che ritratto, sia selvaggi che domestici.<\/p><p><strong>Invio Immagini<\/strong><\/p><p>Ogni partecipante pu\u00f2 inviare un massimo di 4 foto per ogni tematica (per un totale massimo di 16 immagini), nelle dimensioni massime di 3600 pixel nel lato pi\u00f9 lungo a 300 dpi con un peso non superiore a 4 Gb.<\/p><p>Le immagini presentate in una tematica non possono essere presentate nelle altre tematiche, le immagini inviate a colori non possono essere inviate in bianco e nero e viceversa.<\/p><p>Le immagini devono essere inviate esclusivamente attraverso l\u2019apposito form nel sito <a href=\"http:\/\/www.photocontestclub.org\/\">www.photocontestclub.org<\/a><\/p><p><strong>Quota di Partecipazione<\/strong><\/p><p>La quota di partecipazione a titolo di parziale rimborso spese \u00e8 stabilita in 10,00 Euro indistintamente dalle tematiche si partecipa.<\/p><p>Il pagamento deve avvenire a mezzo PayPal all\u2019indirizzo pagamenti@photocontestclub.org<\/p><p><strong>Calendario<\/strong><\/p><ul><li>Termine ricevimento immagini: 15 Settembre 2023<\/li><li>Riunione giuria: 16\/30 Settembre 2023<\/li><li>Comunicazione Risultati: 10 Ottobre 2023<\/li><li>Cerimonia di Premiazione: 25 Novembre 2023<\/li><li>Invio premi non ritirati: 20 Dicembre 2023<\/li><li>Invio catalogo in pdf: 20 Dicembre 2023<\/li><\/ul><p><strong>Premi<\/strong><\/p><ul><li>Migliore immagine di ogni tematica: Targa Personalizzata e Abbonamento Platinum alla rivista online <a href=\"https:\/\/fotocult.it\/\" target=\"_blank\" rel=\"noopener\">fotocult.it<\/a><\/li><li>1\u00b0, 2\u00b0 e 3\u00b0 Premio per ogni tematica (Medaglia Oro, Argento e Bronzo)<\/li><li>5 Segnalazioni per ogni tematica (attestato)<\/li><li>I premi non sono cumulabili nella stessa tematica ma lo possono essere in tematiche diverse.<\/li><\/ul><p><strong>Giuria<\/strong><\/p><ul><li>Susanna Bertoni, Fotografa<\/li><li>Sabina Broetto, Fotografa, Graphic Designer<\/li><li>Emanuele Costanzo, Direttore di FotoCult<\/li><li>Carlo Diamanti, Fotografo, Gestore Gruppo AI ART<\/li><li>Ida Marinella Rigo, Fotografa, Gestore Gruppo AI ART<\/li><\/ul><p><strong>Responsabilit\u00e0<\/strong><\/p><p>Ogni autore \u00e8 personalmente responsabile per quanto forma oggetto dell\u2019immagine e ne autorizza la pubblicazione.<br \/>Partecipando al concorso, l\u2019autore, autorizza senza scopi di lucro la pubblicazione delle proprie immagini (integrali o parziali) su cataloghi, proiezioni, siti internet, riviste e quant\u2019altro gli organizzatori ritengono necessario ai fini della promozione del concorso stesso.<\/p><p><strong>Privacy<\/strong><\/p><p>La informiamo, secondo l&#8217;art. 13 e 14 del Regolamento UE 2016\/679 del 27\/04\/2016, di seguito denominato GDPR (Regolamento Generale per la Protezione dei Dati Personali), che i dati personali forniti nell&#8217;ambito del concorso internazionale \u201cAIIC, Artificial Intelligence Image Contest\u201d, saranno raccolti e registrati da Photo Contest Club &#8211; su supporto cartaceo, elettronico e\/o informatico e\/o telematico &#8211; protetti e trattati con modalit\u00e0 idonee a garantirne la sicurezza e la riservatezza secondo la normativa GDPR. La informiamo che i dati a noi forniti verranno utilizzati solo per finalit\u00e0 strettamente connesse e strumentali all&#8217;evento. A tal fine, nell&#8217;ambito dell&#8217;Iniziativa, i Suoi dati potranno essere pubblicati on line sul sito del concorso (www.photocontestclub.org) o\/e nel catalogo del concorso. I dati sono necessari per poter partecipare al concorso. La informiamo che potr\u00e0 esercitare nella sua qualit\u00e0 di interessato, ha i diritti di cui all&#8217;art. 15 RGPD (tra cui, a titolo esemplificativo, il diritto di ottenere la conferma dell&#8217;esistenza o meno di dati che lo riguardano e la loro comunicazione in forma intelligibile, l&#8217;indicazione delle modalit\u00e0 del trattamento, aggiornamento, rettifica o integrazione dei dati, cancellazione) mediante richiesta senza formalit\u00e0 a il Titolare del trattamento. Titolare del trattamento dei dati \u00e8 l&#8217;Associazione Photo Contest Club con sede legale in Via della Vetreria 73 a Figline e Incisa Valdarno, Firenze, tramite il proprio presidente, ad interim, Sabina Broetto.<\/p><p><strong>Protezione Dati<\/strong><\/p><p>Partecipando a questo concorso, acconsenti esplicitamente ai dati personali che hai fornito, inclusi gli indirizzi email, che vi sono detenuti, che possono essere elaborati e utilizzati dagli organizzatori del concorso per scopi associati a questa manifestazione. Inoltre, acconsenti esplicitamente a inviare tali informazioni a organizzazioni che hanno concesso il riconoscimento ufficiale, il patrocinio o l\u2019accreditamento a questa mostra. Riconosci e accetti che entrare in questa mostra significa che lo stato e i risultati della tua partecipazione possono essere resi pubblici.<br \/>Il tuo indirizzo email e le informazioni di contatto non saranno resi pubblici.<\/p><p><strong>Conclusione<\/strong><\/p><p>La partecipazione al concorso implica la completa e incondizionata accettazione del presente regolamento e ne da per scontata la sua conoscenza.<\/p><\/div>\n        \t\t<\/div>\n\t\t\t\t<\/div>\n\t\t\t\t\t\t<\/div>\n\t\t\t\t\t<\/div>\n\t\t<\/div>\n\t\t\t\t\t\t\t\t<\/div>\n\t\t\t\t\t<\/div>\n\t\t<\/section>\n\t\t\t\t\t\t\t\t\t<\/div>\n\t\t\t<\/div>\n\t\t\t\t\t<\/div>\n\t\t","protected":false},"excerpt":{"rendered":"<p>Regolamento Artificial Iintelligence Image Contest Premessa Questo concorso per immagini illustrative non vuole essere una manifestazione fotografica ma un concorso dedicato esclusivamente ad immagini realizzate con programmi di gestione dell\u2019Intelligenza Artificiale, dove si possono creare illustrazioni che spesso \u00e8 difficile realizzare fotograficamente nella vita reale. Regolamento Il concorso \u00e8 riservato esclusivamente ad immagini create con &hellip; <\/p>\n<p class=\"link-more\"><a href=\"https:\/\/www.photocontestclub.org\/it\/artificial-intelligence-image\/regolamento-aiic\/\" class=\"more-link\">Read More <span class=\"screen-reader-text\"> &#8220;Regolamento AIIC&#8221;<\/span><\/a><\/p>\n","protected":false},"author":1,"featured_media":0,"parent":14967,"menu_order":0,"comment_status":"closed","ping_status":"closed","template":"","meta":{"inline_featured_image":false},"yoast_head":"<!-- This site is optimized with the Yoast SEO plugin v15.4 - https:\/\/yoast.com\/wordpress\/plugins\/seo\/ -->\n<title>Regolamento AIIC - Photo Contest Club<\/title>\n<meta name=\"robots\" content=\"index, follow, max-snippet:-1, max-image-preview:large, max-video-preview:-1\" \/>\n<link rel=\"canonical\" href=\"https:\/\/www.photocontestclub.org\/it\/artificial-intelligence-image\/regolamento-aiic\/\" \/>\n<meta property=\"og:locale\" content=\"it_IT\" \/>\n<meta property=\"og:type\" content=\"article\" \/>\n<meta property=\"og:title\" content=\"Regolamento AIIC - Photo Contest Club\" \/>\n<meta property=\"og:description\" content=\"Regolamento Artificial Iintelligence Image Contest Premessa Questo concorso per immagini illustrative non vuole essere una manifestazione fotografica ma un concorso dedicato esclusivamente ad immagini realizzate con programmi di gestione dell\u2019Intelligenza Artificiale, dove si possono creare illustrazioni che spesso \u00e8 difficile realizzare fotograficamente nella vita reale. Regolamento Il concorso \u00e8 riservato esclusivamente ad immagini create con &hellip; Read More &quot;Regolamento AIIC&quot;\" \/>\n<meta property=\"og:url\" content=\"https:\/\/www.photocontestclub.org\/it\/artificial-intelligence-image\/regolamento-aiic\/\" \/>\n<meta property=\"og:site_name\" content=\"Photo Contest Club\" \/>\n<meta property=\"article:modified_time\" content=\"2023-07-25T08:06:46+00:00\" \/>\n<meta name=\"twitter:card\" content=\"summary_large_image\" \/>\n<meta name=\"twitter:label1\" content=\"Scritto da\">\n\t<meta name=\"twitter:data1\" content=\"admin_photocontest\">\n\t<meta name=\"twitter:label2\" content=\"Tempo di lettura stimato\">\n\t<meta name=\"twitter:data2\" content=\"3 minuti\">\n<script type=\"application\/ld+json\" class=\"yoast-schema-graph\">{\"@context\":\"https:\/\/schema.org\",\"@graph\":[{\"@type\":\"WebSite\",\"@id\":\"https:\/\/www.photocontestclub.org\/it\/#website\",\"url\":\"https:\/\/www.photocontestclub.org\/it\/\",\"name\":\"Photo Contest Club\",\"description\":\"Associazione\",\"potentialAction\":[{\"@type\":\"SearchAction\",\"target\":\"https:\/\/www.photocontestclub.org\/it\/?s={search_term_string}\",\"query-input\":\"required name=search_term_string\"}],\"inLanguage\":\"it-IT\"},{\"@type\":\"WebPage\",\"@id\":\"https:\/\/www.photocontestclub.org\/it\/artificial-intelligence-image\/regolamento-aiic\/#webpage\",\"url\":\"https:\/\/www.photocontestclub.org\/it\/artificial-intelligence-image\/regolamento-aiic\/\",\"name\":\"Regolamento AIIC - Photo Contest Club\",\"isPartOf\":{\"@id\":\"https:\/\/www.photocontestclub.org\/it\/#website\"},\"datePublished\":\"2023-06-06T10:13:05+00:00\",\"dateModified\":\"2023-07-25T08:06:46+00:00\",\"inLanguage\":\"it-IT\",\"potentialAction\":[{\"@type\":\"ReadAction\",\"target\":[\"https:\/\/www.photocontestclub.org\/it\/artificial-intelligence-image\/regolamento-aiic\/\"]}]}]}<\/script>\n<!-- \/ Yoast SEO plugin. -->","_links":{"self":[{"href":"https:\/\/www.photocontestclub.org\/it\/wp-json\/wp\/v2\/pages\/14978"}],"collection":[{"href":"https:\/\/www.photocontestclub.org\/it\/wp-json\/wp\/v2\/pages"}],"about":[{"href":"https:\/\/www.photocontestclub.org\/it\/wp-json\/wp\/v2\/types\/page"}],"author":[{"embeddable":true,"href":"https:\/\/www.photocontestclub.org\/it\/wp-json\/wp\/v2\/users\/1"}],"replies":[{"embeddable":true,"href":"https:\/\/www.photocontestclub.org\/it\/wp-json\/wp\/v2\/comments?post=14978"}],"version-history":[{"count":10,"href":"https:\/\/www.photocontestclub.org\/it\/wp-json\/wp\/v2\/pages\/14978\/revisions"}],"predecessor-version":[{"id":15131,"href":"https:\/\/www.photocontestclub.org\/it\/wp-json\/wp\/v2\/pages\/14978\/revisions\/15131"}],"up":[{"embeddable":true,"href":"https:\/\/www.photocontestclub.org\/it\/wp-json\/wp\/v2\/pages\/14967"}],"wp:attachment":[{"href":"https:\/\/www.photocontestclub.org\/it\/wp-json\/wp\/v2\/media?parent=14978"}],"curies":[{"name":"wp","href":"https:\/\/api.w.org\/{rel}","templated":true}]}}