{"id":6583,"date":"2020-09-28T15:10:20","date_gmt":"2020-09-28T13:10:20","guid":{"rendered":"https:\/\/www.photocontestclub.org\/?page_id=6583"},"modified":"2025-08-04T16:23:31","modified_gmt":"2025-08-04T14:23:31","slug":"premi-natural-world","status":"publish","type":"page","link":"https:\/\/www.photocontestclub.org\/it\/natural-world-2020\/premi-natural-world\/","title":{"rendered":"Premi Natural World"},"content":{"rendered":"\t\t<div data-elementor-type=\"wp-page\" data-elementor-id=\"6583\" class=\"elementor elementor-6583\">\n\t\t\t\t\t\t<div class=\"elementor-inner\">\n\t\t\t\t<div class=\"elementor-section-wrap\">\n\t\t\t\t\t\t\t\t\t<section class=\"elementor-section elementor-top-section elementor-element elementor-element-407980c elementor-section-boxed elementor-section-height-default elementor-section-height-default\" data-id=\"407980c\" data-element_type=\"section\">\n\t\t\t\t\t\t<div class=\"elementor-container elementor-column-gap-default\">\n\t\t\t\t\t\t\t<div class=\"elementor-row\">\n\t\t\t\t\t<div class=\"elementor-column elementor-col-100 elementor-top-column elementor-element elementor-element-e1b2218\" data-id=\"e1b2218\" data-element_type=\"column\">\n\t\t\t<div class=\"elementor-column-wrap elementor-element-populated\">\n\t\t\t\t\t\t\t<div class=\"elementor-widget-wrap\">\n\t\t\t\t\t\t<div class=\"elementor-element elementor-element-b555ac2 elementor-align-center elementor-widget elementor-widget-heading\" data-id=\"b555ac2\" data-element_type=\"widget\" data-widget_type=\"heading.default\">\n\t\t\t\t<div class=\"elementor-widget-container\">\n\t\t\t<h2 class=\"elementor-heading-title elementor-size-default\">Premi Natural World<\/h2>\t\t<\/div>\n\t\t\t\t<\/div>\n\t\t\t\t\t\t<\/div>\n\t\t\t\t\t<\/div>\n\t\t<\/div>\n\t\t\t\t\t\t\t\t<\/div>\n\t\t\t\t\t<\/div>\n\t\t<\/section>\n\t\t\t\t<section class=\"elementor-section elementor-top-section elementor-element elementor-element-27383aa elementor-section-boxed elementor-section-height-default elementor-section-height-default\" data-id=\"27383aa\" data-element_type=\"section\">\n\t\t\t\t\t\t<div class=\"elementor-container elementor-column-gap-default\">\n\t\t\t\t\t\t\t<div class=\"elementor-row\">\n\t\t\t\t\t<div class=\"elementor-column elementor-col-100 elementor-top-column elementor-element elementor-element-9ea9aa7\" data-id=\"9ea9aa7\" data-element_type=\"column\">\n\t\t\t<div class=\"elementor-column-wrap elementor-element-populated\">\n\t\t\t\t\t\t\t<div class=\"elementor-widget-wrap\">\n\t\t\t\t\t\t<div class=\"elementor-element elementor-element-b22eb81 elementor-widget elementor-widget-opal-timelinecarousel\" data-id=\"b22eb81\" data-element_type=\"widget\" data-widget_type=\"opal-timelinecarousel.default\">\n\t\t\t\t<div class=\"elementor-widget-container\">\n\t\t\t\n        <div class=\"elementor-timeline-carousel timeline-style2\">\n            <div class=\"timeline-carousel\" data-elementor-columns=\"1\">\n                \n                    <div class=\"timeline-carosuel-item column-item\">\n                        \n                        <div class=\"timeline-content\">\n\n                                                            <span class=\"timeline-year-number\"><\/span>\n                            \n                                                            <h4 class=\"timeline-title\">PREMI PER IL CIRCUITO:<\/h4>\n                            \n                                                            <h5 class=\"timeline-year-title\"><\/h5>\n                            \n                                                            <div class=\"content\">\n                                    <ul><li>Migliore Autore in Assoluto del Circuito (Trofeo e Rimborso Spese di 400,00 US$ con Buono Amazon)<\/li><\/ul>                                <\/div>\n                            \n                        <\/div>\n                    <\/div>\n                \n                    <div class=\"timeline-carosuel-item column-item\">\n                        \n                        <div class=\"timeline-content\">\n\n                                                            <span class=\"timeline-year-number\"><\/span>\n                            \n                                                            <h4 class=\"timeline-title\">PREMI PER OGNI CONCORSO DEL CIRCUITO:<\/h4>\n                            \n                                                            <h5 class=\"timeline-year-title\"><\/h5>\n                            \n                                                            <div class=\"content\">\n                                    <ul><li>Migliore Autore del Concorso (FIAP BLU PIN e Rimborso Spese di 200,00 US$ con Buono Amazon).<br \/><em>(Pranzo della premiazione offerto da Photo Contest Club)<\/em><\/li><li>Migliore Foto del Concorso (Trofeo e Rimborso Spese di 200,00 US$ con Buono Amazon)<\/li><\/ul>                                <\/div>\n                            \n                        <\/div>\n                    <\/div>\n                \n                    <div class=\"timeline-carosuel-item column-item\">\n                        \n                        <div class=\"timeline-content\">\n\n                                                            <span class=\"timeline-year-number\"><\/span>\n                            \n                                                            <h4 class=\"timeline-title\">PREMI PER OGNI TEMA (di ogni concorso)<\/h4>\n                            \n                                                            <h5 class=\"timeline-year-title\"><\/h5>\n                            \n                                                            <div class=\"content\">\n                                    <ul><li><strong>Premi per il Tema Libero Bianconero:<\/strong><ul><li>Best Photo Monochrome (FIAP Gold medal)<\/li><li>1 Medaglia d\u2019Oro (Natural World)<\/li><li>1 Medaglia d\u2019Argento (Natural World)<\/li><li>1 Medaglia di Bronzo (Natural World)<\/li><li>3 Premi Speciali Giuria (Diploma FIAF)<\/li><li>12 Menzioni d\u2019Onore (HM Ribbon)<\/li><li>6 Menzioni Speciali (Diploma ISF)<\/li><\/ul><\/li><li><strong>Premi per il Tema Libero Colore:<\/strong><ul><li>Best Photo Color\u00a0 (FIAP Gold Medal)<\/li><li>1 Medaglia d\u2019Oro (GPU)<\/li><li>1 Medaglia d\u2019Argento (GPU)<\/li><li>1 Medaglia di Bronzo (GPU)<\/li><li>3 Premi Speciali Giuria (Diploma FIAF)<\/li><li>12 Menzioni d\u2019Onore (HM Ribbon)<\/li><li>6 Menzioni Speciali (Diploma ISF)<\/li><\/ul><\/li><li><strong>Premi per il Tema FLORA &amp; FAUNA (bianconero\/colore):<\/strong><ul><li>Best Photo (FIAP Gold Medal)<\/li><li>1 Medaglie d\u2019Oro (Natural World )<\/li><li>1 Medaglia d\u2019Argento (Natural World )<\/li><li>1 Medaglia di Bronzo (Natural World )<\/li><li>3 Premi Speciali Giuria (Diploma FIAF)<\/li><li>12 Menzioni d\u2019Onore (HM Ribbon)<\/li><li>6 Menzioni Speciali (ISF)<\/li><\/ul><\/li><li><strong>Premi per il Tema Ambiente (bianconero\/colore):<\/strong><ul><li>Best Photo (FIAP Gold Medal)<\/li><li>1 Medaglia d\u2019Oro (ISF)<\/li><li>1 Medaglia d\u2019Oro (ISF)<\/li><li>1 Medaglia d\u2019Argento (ISF)<\/li><li>1 Medaglia di Bronzo (ISF)<\/li><li>3 Premi Speciali Giuria (Diploma FIAF )<\/li><li>12 Menzioni d\u2019Onore (HM Ribbon)<\/li><li>6 Menzioni Speciali (Diplome ISF)<\/li><\/ul><\/li><\/ul>                                <\/div>\n                            \n                        <\/div>\n                    <\/div>\n                            <\/div>\n        <\/div>\n\n        \t\t<\/div>\n\t\t\t\t<\/div>\n\t\t\t\t<div class=\"elementor-element elementor-element-78dd50a elementor-widget elementor-widget-opal-timelinecarousel\" data-id=\"78dd50a\" data-element_type=\"widget\" data-widget_type=\"opal-timelinecarousel.default\">\n\t\t\t\t<div class=\"elementor-widget-container\">\n\t\t\t\n        <div class=\"elementor-timeline-carousel timeline-style2\">\n            <div class=\"timeline-carousel\" data-elementor-columns=\"1\">\n                \n                    <div class=\"timeline-carosuel-item column-item\">\n                        \n                        <div class=\"timeline-content\">\n\n                                                            <span class=\"timeline-year-number\"><\/span>\n                            \n                            \n                                                            <h5 class=\"timeline-year-title\"><\/h5>\n                            \n                                                            <div class=\"content\">\n                                    <p><em>I premi non sono cumulabili nello stesso tema ma lo possono essere in temi diversi.<\/em><br \/><em>Tutti i premi come Migliore Autore sono cumulabili con qualsiasi altro premio.<br \/><\/em><\/p><p><em>Il miglior autore \u00e8 l\u2019autore che ha ottenuto il maggior numero di foto ammesse; in caso di parit\u00e0 di foto ammesse, verr\u00e0 calcolato il punteggio ottenuto da tali foto; in caso di ulteriore parit\u00e0 varr\u00e0 il maggior numero di premi vinti e la tipologia dei premi.<\/em><\/p>                                <\/div>\n                            \n                        <\/div>\n                    <\/div>\n                            <\/div>\n        <\/div>\n\n        \t\t<\/div>\n\t\t\t\t<\/div>\n\t\t\t\t\t\t<\/div>\n\t\t\t\t\t<\/div>\n\t\t<\/div>\n\t\t\t\t\t\t\t\t<\/div>\n\t\t\t\t\t<\/div>\n\t\t<\/section>\n\t\t\t\t\t\t\t\t\t<\/div>\n\t\t\t<\/div>\n\t\t\t\t\t<\/div>\n\t\t","protected":false},"excerpt":{"rendered":"<p>Premi Natural World PREMI PER IL CIRCUITO: Migliore Autore in Assoluto del Circuito (Trofeo e Rimborso Spese di 400,00 US$ con Buono Amazon) PREMI PER OGNI CONCORSO DEL CIRCUITO: Migliore Autore del Concorso (FIAP BLU PIN e Rimborso Spese di 200,00 US$ con Buono Amazon).(Pranzo della premiazione offerto da Photo Contest Club) Migliore Foto del &hellip; <\/p>\n<p class=\"link-more\"><a href=\"https:\/\/www.photocontestclub.org\/it\/natural-world-2020\/premi-natural-world\/\" class=\"more-link\">Read More <span class=\"screen-reader-text\"> &#8220;Premi Natural World&#8221;<\/span><\/a><\/p>\n","protected":false},"author":1,"featured_media":0,"parent":6567,"menu_order":0,"comment_status":"closed","ping_status":"closed","template":"","meta":{"inline_featured_image":false},"yoast_head":"<!-- This site is optimized with the Yoast SEO plugin v15.4 - https:\/\/yoast.com\/wordpress\/plugins\/seo\/ -->\n<title>Premi Natural World - Photo Contest Club<\/title>\n<meta name=\"robots\" content=\"index, follow, max-snippet:-1, max-image-preview:large, max-video-preview:-1\" \/>\n<link rel=\"canonical\" href=\"https:\/\/www.photocontestclub.org\/it\/natural-world-2020\/premi-natural-world\/\" \/>\n<meta property=\"og:locale\" content=\"it_IT\" \/>\n<meta property=\"og:type\" content=\"article\" \/>\n<meta property=\"og:title\" content=\"Premi Natural World - Photo Contest Club\" \/>\n<meta property=\"og:description\" content=\"Premi Natural World PREMI PER IL CIRCUITO: Migliore Autore in Assoluto del Circuito (Trofeo e Rimborso Spese di 400,00 US$ con Buono Amazon) PREMI PER OGNI CONCORSO DEL CIRCUITO: Migliore Autore del Concorso (FIAP BLU PIN e Rimborso Spese di 200,00 US$ con Buono Amazon).(Pranzo della premiazione offerto da Photo Contest Club) Migliore Foto del &hellip; Read More &quot;Premi Natural World&quot;\" \/>\n<meta property=\"og:url\" content=\"https:\/\/www.photocontestclub.org\/it\/natural-world-2020\/premi-natural-world\/\" \/>\n<meta property=\"og:site_name\" content=\"Photo Contest Club\" \/>\n<meta property=\"article:modified_time\" content=\"2025-08-04T14:23:31+00:00\" \/>\n<meta name=\"twitter:card\" content=\"summary_large_image\" \/>\n<meta name=\"twitter:label1\" content=\"Scritto da\">\n\t<meta name=\"twitter:data1\" content=\"admin_photocontest\">\n\t<meta name=\"twitter:label2\" content=\"Tempo di lettura stimato\">\n\t<meta name=\"twitter:data2\" content=\"1 minuto\">\n<script type=\"application\/ld+json\" class=\"yoast-schema-graph\">{\"@context\":\"https:\/\/schema.org\",\"@graph\":[{\"@type\":\"WebSite\",\"@id\":\"https:\/\/www.photocontestclub.org\/it\/#website\",\"url\":\"https:\/\/www.photocontestclub.org\/it\/\",\"name\":\"Photo Contest Club\",\"description\":\"Associazione\",\"potentialAction\":[{\"@type\":\"SearchAction\",\"target\":\"https:\/\/www.photocontestclub.org\/it\/?s={search_term_string}\",\"query-input\":\"required name=search_term_string\"}],\"inLanguage\":\"it-IT\"},{\"@type\":\"WebPage\",\"@id\":\"https:\/\/www.photocontestclub.org\/it\/natural-world-2020\/premi-natural-world\/#webpage\",\"url\":\"https:\/\/www.photocontestclub.org\/it\/natural-world-2020\/premi-natural-world\/\",\"name\":\"Premi Natural World - Photo Contest Club\",\"isPartOf\":{\"@id\":\"https:\/\/www.photocontestclub.org\/it\/#website\"},\"datePublished\":\"2020-09-28T13:10:20+00:00\",\"dateModified\":\"2025-08-04T14:23:31+00:00\",\"inLanguage\":\"it-IT\",\"potentialAction\":[{\"@type\":\"ReadAction\",\"target\":[\"https:\/\/www.photocontestclub.org\/it\/natural-world-2020\/premi-natural-world\/\"]}]}]}<\/script>\n<!-- \/ Yoast SEO plugin. -->","_links":{"self":[{"href":"https:\/\/www.photocontestclub.org\/it\/wp-json\/wp\/v2\/pages\/6583"}],"collection":[{"href":"https:\/\/www.photocontestclub.org\/it\/wp-json\/wp\/v2\/pages"}],"about":[{"href":"https:\/\/www.photocontestclub.org\/it\/wp-json\/wp\/v2\/types\/page"}],"author":[{"embeddable":true,"href":"https:\/\/www.photocontestclub.org\/it\/wp-json\/wp\/v2\/users\/1"}],"replies":[{"embeddable":true,"href":"https:\/\/www.photocontestclub.org\/it\/wp-json\/wp\/v2\/comments?post=6583"}],"version-history":[{"count":71,"href":"https:\/\/www.photocontestclub.org\/it\/wp-json\/wp\/v2\/pages\/6583\/revisions"}],"predecessor-version":[{"id":16683,"href":"https:\/\/www.photocontestclub.org\/it\/wp-json\/wp\/v2\/pages\/6583\/revisions\/16683"}],"up":[{"embeddable":true,"href":"https:\/\/www.photocontestclub.org\/it\/wp-json\/wp\/v2\/pages\/6567"}],"wp:attachment":[{"href":"https:\/\/www.photocontestclub.org\/it\/wp-json\/wp\/v2\/media?parent=6583"}],"curies":[{"name":"wp","href":"https:\/\/api.w.org\/{rel}","templated":true}]}}